{"id":496,"date":"2023-12-10T10:18:41","date_gmt":"2023-12-10T09:18:41","guid":{"rendered":"https:\/\/www.crux-worldwide.com\/?page_id=496"},"modified":"2025-09-22T19:28:26","modified_gmt":"2025-09-22T17:28:26","slug":"impressum","status":"publish","type":"page","link":"https:\/\/www.crux-worldwide.com\/?page_id=496","title":{"rendered":"Impressum"},"content":{"rendered":"\t\t<div data-elementor-type=\"wp-page\" data-elementor-id=\"496\" class=\"elementor elementor-496\" data-elementor-post-type=\"page\">\n\t\t\t\t<div class=\"elementor-element elementor-element-d6ebafc e-flex e-con-boxed wpr-particle-no wpr-jarallax-no wpr-parallax-no wpr-sticky-section-no e-con e-parent\" data-id=\"d6ebafc\" data-element_type=\"container\" data-e-type=\"container\">\n\t\t\t\t\t<div class=\"e-con-inner\">\n\t\t\t\t<div class=\"elementor-element elementor-element-297141e elementor-widget elementor-widget-text-editor\" data-id=\"297141e\" data-element_type=\"widget\" data-e-type=\"widget\" data-widget_type=\"text-editor.default\">\n\t\t\t\t<div class=\"elementor-widget-container\">\n\t\t\t\t\t\t\t\t\t<div id=\"content\" class=\"site-content\"><div class=\"tg-container\"><div id=\"primary\" class=\"content-area\"><p>\u00a0<\/p><article id=\"post-982\" class=\"post-982 page type-page status-publish hentry\"><div class=\"entry-content\"><div class=\"content-article\"><p><b>Herausgeber:<\/b><br \/>Crux Worldwide GmbH<br \/>Am Leimenberg 19<br \/>D-64625 Bensheim<br \/>Phone +49(0)6251-803 7946<br \/>E-Mail: support@cruxworldwide.co.com<br \/>Sitz: Darmstadt<br \/>Amtsgericht Darmstadt HRA 97931<\/p><p><b>Gesch\u00e4ftsf\u00fchrung:<\/b><br \/>Ute Remdisch<\/p><p><b>Ust.-ID.-Nr.:<\/b><br \/>DE318782637<\/p><\/div><p><b>Rechtliche Hinweise:<\/b><\/p><div class=\"content-article\"><p>Inhalt und Struktur der Website sind urheberrechtlich gesch\u00fctzt. Die Vervielf\u00e4ltigung s\u00e4mtlicher Inhalte und Strukturelemente, insbesondere Texte, Textteile, Bildmaterial, Grafiken und Designelemente, soweit sie schutzf\u00e4hig im Sinne des deutschen Urheberrechts sind, zu anderem als zum privaten oder sonstigen eigenen Gebrauch sowie deren Verbreitung und Ver\u00f6ffentlichung bedarf der vorherigen schriftlichen Zustimmung.<\/p><p>Crux Worldwide GmbH pr\u00fcft und aktualisiert die Inhalte auf dieser Website regelm\u00e4\u00dfig. Trotz aller Sorgfalt k\u00f6nnen sich inzwischen \u00c4nderungen ergeben haben. Eine Garantie oder sonstige Haftung f\u00fcr Aktualit\u00e4t und Vollst\u00e4ndigkeit der zur Verf\u00fcgung gestellten Inhalte kann daher nicht \u00fcbernommen werden.<\/p><p>Gleiches gilt auch f\u00fcr alle externen Websites, auf die mittels Hyperlinks aus dem cruxworldwide.co.com-Angebot verwiesen wird. Crux Worldwide GmbH ist f\u00fcr die Inhalte externer Websites, die der Nutzer durch Aktivierung eines solchen Links erreicht, nicht verantwortlich.<\/p><\/div><\/div><\/article><p>\u00a0<\/p><\/div><\/div><\/div>\t\t\t\t\t\t\t\t<\/div>\n\t\t\t\t<\/div>\n\t\t\t\t\t<\/div>\n\t\t\t\t<\/div>\n\t\t\t\t<\/div>\n\t\t","protected":false},"excerpt":{"rendered":"<p>\u00a0 Herausgeber:Crux Worldwide GmbHAm Leimenberg 19D-64625 BensheimPhone +49(0)6251-803 7946E-Mail: support@cruxworldwide.co.comSitz: DarmstadtAmtsgericht Darmstadt HRA 97931 Gesch\u00e4ftsf\u00fchrung:Ute Remdisch Ust.-ID.-Nr.:DE318782637 Rechtliche Hinweise: Inhalt und Struktur der Website sind urheberrechtlich gesch\u00fctzt. Die Vervielf\u00e4ltigung s\u00e4mtlicher Inhalte und Strukturelemente, insbesondere Texte, Textteile, Bildmaterial, Grafiken und Designelemente, soweit sie schutzf\u00e4hig im Sinne des deutschen Urheberrechts sind, zu anderem als zum privaten oder sonstigen eigenen Gebrauch sowie deren Verbreitung und Ver\u00f6ffentlichung bedarf der vorherigen schriftlichen Zustimmung. Crux Worldwide GmbH pr\u00fcft und aktualisiert die Inhalte auf dieser Website regelm\u00e4\u00dfig. Trotz aller Sorgfalt k\u00f6nnen sich inzwischen \u00c4nderungen ergeben haben. Eine Garantie oder sonstige Haftung f\u00fcr Aktualit\u00e4t und Vollst\u00e4ndigkeit der zur Verf\u00fcgung gestellten Inhalte kann daher nicht \u00fcbernommen werden. Gleiches gilt auch f\u00fcr alle externen Websites, auf die mittels Hyperlinks aus dem cruxworldwide.co.com-Angebot verwiesen wird. Crux Worldwide GmbH ist f\u00fcr die Inhalte externer Websites, die der Nutzer durch Aktivierung eines solchen Links erreicht, nicht verantwortlich. \u00a0<\/p>\n","protected":false},"author":3,"featured_media":0,"parent":0,"menu_order":0,"comment_status":"closed","ping_status":"closed","template":"","meta":{"footnotes":""},"class_list":["post-496","page","type-page","status-publish","hentry"],"_links":{"self":[{"href":"https:\/\/www.crux-worldwide.com\/index.php?rest_route=\/wp\/v2\/pages\/496","targetHints":{"allow":["GET"]}}],"collection":[{"href":"https:\/\/www.crux-worldwide.com\/index.php?rest_route=\/wp\/v2\/pages"}],"about":[{"href":"https:\/\/www.crux-worldwide.com\/index.php?rest_route=\/wp\/v2\/types\/page"}],"author":[{"embeddable":true,"href":"https:\/\/www.crux-worldwide.com\/index.php?rest_route=\/wp\/v2\/users\/3"}],"replies":[{"embeddable":true,"href":"https:\/\/www.crux-worldwide.com\/index.php?rest_route=%2Fwp%2Fv2%2Fcomments&post=496"}],"version-history":[{"count":10,"href":"https:\/\/www.crux-worldwide.com\/index.php?rest_route=\/wp\/v2\/pages\/496\/revisions"}],"predecessor-version":[{"id":9368,"href":"https:\/\/www.crux-worldwide.com\/index.php?rest_route=\/wp\/v2\/pages\/496\/revisions\/9368"}],"wp:attachment":[{"href":"https:\/\/www.crux-worldwide.com\/index.php?rest_route=%2Fwp%2Fv2%2Fmedia&parent=496"}],"curies":[{"name":"wp","href":"https:\/\/api.w.org\/{rel}","templated":true}]}}